{"id":21,"date":"2015-10-23T14:56:56","date_gmt":"2015-10-23T12:56:56","guid":{"rendered":"http:\/\/www.newurl\/?page_id=21"},"modified":"2018-05-24T09:39:28","modified_gmt":"2018-05-24T07:39:28","slug":"startseite","status":"publish","type":"page","link":"https:\/\/www.lichtreise.jetzt\/","title":{"rendered":"Lichtreise"},"content":{"rendered":"<p style=\"text-align: center;\"><span style=\"font-family: times\\ new\\ roman, times, serif; font-size: 18pt; color: #be00be;\"><strong><em>Ich m\u00f6chte Sie einladen zu einer Reise zu sich selbst,<\/em><\/strong><\/span><\/p>\n<p style=\"text-align: center;\"><span style=\"font-family: times\\ new\\ roman, times, serif; font-size: 18pt; color: #be00be;\"><strong><em>sich selbst zu erfahren, Ihr Innerstes ganz neu zu erforschen und immer wieder neu zu erleben.<\/em><\/strong><\/span><\/p>\n<p style=\"text-align: center;\"><span style=\"font-family: times\\ new\\ roman, times, serif; font-size: 18pt; color: #be00be;\"><strong><em>Einen Weg zu w\u00e4hlen zu mehr Gl\u00fcck und Freude, <\/em><\/strong><\/span><\/p>\n<p style=\"text-align: center;\"><span style=\"font-family: times\\ new\\ roman, times, serif; font-size: 18pt; color: #be00be;\"><strong><em>Gesundheit,<\/em><\/strong><\/span><\/p>\n<p style=\"text-align: center;\"><span style=\"font-family: times\\ new\\ roman, times, serif; font-size: 18pt; color: #be00be;\"><strong><em>inneren Frieden,<\/em><\/strong><\/span><\/p>\n<p style=\"text-align: center;\"><span style=\"font-family: times\\ new\\ roman, times, serif; font-size: 18pt; color: #be00be;\"><strong><em> mehr Balance und Ausgeglichenheit,<br \/>\n<\/em><\/strong><\/span><\/p>\n<p style=\"text-align: center;\"><span style=\"font-family: times\\ new\\ roman, times, serif; font-size: 18pt; color: #be00be;\"><strong><em>zu einem gesteigerten Wohlbefinden,<\/em><\/strong><\/span><\/p>\n<p style=\"text-align: center;\"><span style=\"font-family: times\\ new\\ roman, times, serif; font-size: 18pt; color: #be00be;\"><strong><em>zur St\u00e4rkung Ihrer pers\u00f6nlichen Kraft sowie<br \/>\n<\/em><\/strong><\/span><\/p>\n<p style=\"text-align: center;\"><span style=\"font-family: times\\ new\\ roman, times, serif; font-size: 18pt; color: #be00be;\"><strong><em>einem Gef\u00fchl der Verbundenheit mit allem Leben und allem was ist.<br \/>\n<\/em><\/strong><\/span><\/p>\n<p style=\"text-align: center;\"><span style=\"font-family: times\\ new\\ roman, times, serif; font-size: 12pt; color: #7600a0;\"><em>durch<\/em><\/span><\/p>\n<p style=\"text-align: center;\"><span style=\"font-family: times\\ new\\ roman, times, serif; font-size: 12pt; color: #7600a0;\"><strong><em>Geistheilung<\/em><\/strong><em><br \/>\nAufsp\u00fcren und Aufl\u00f6sen von Ursachen, Blockaden, St\u00f6rungen, Ungleichgewichten, Traumata und Begrenzungen<br \/>\nsowie die Unterst\u00fctzung von Transformationsprozessen<br \/>\n<\/em><\/span><\/p>\n<p style=\"text-align: center;\"><em><strong><span style=\"font-family: times\\ new\\ roman, times, serif; color: #7600a0;\">Ahnenaufstellungen<\/span><\/strong><\/em><\/p>\n<p style=\"text-align: center;\"><em><strong><span style=\"font-family: times\\ new\\ roman, times, serif; color: #7600a0;\">Schamanismus<\/span><\/strong><\/em><\/p>\n<p style=\"text-align: center;\"><span style=\"font-family: times\\ new\\ roman, times, serif; color: #7600a0;\"><strong><em>Chakren-Harmonisierung<br \/>\n<\/em><\/strong><em>Aktivierung und Harmonisierung der Energiezentren<\/em><\/span><\/p>\n<p style=\"text-align: center;\"><span style=\"font-family: times\\ new\\ roman, times, serif; color: #7600a0;\"><em><strong>Meditationen und Atemtechniken<\/strong><br \/>\nStille, gef\u00fchrte und dynamische Meditationen<br \/>\nzum geistigen Wachstum<\/em>,<\/span><br \/>\n<em><span style=\"font-family: times\\ new\\ roman, times, serif; color: #7600a0;\"> zur Findung des inneren Friedens,<\/span><\/em><br \/>\n<em> <span style=\"font-family: times\\ new\\ roman, times, serif; color: #7600a0;\"> der Ruhe und Ausgeglichenheit<\/span><\/em><br \/>\n<em> <span style=\"font-family: times\\ new\\ roman, times, serif; color: #7600a0;\"> sowie zur k\u00f6rperlichen und geistigen Entspannung<\/span><\/em><\/p>\n<p style=\"text-align: center;\"><span style=\"font-family: times\\ new\\ roman, times, serif; font-size: 12pt; color: #7600a0;\"><strong><em>TimeWaver-Balancierung und Harmonisierung<br \/>\n<\/em><\/strong><em>Analyse von tieferen Ursachen, St\u00f6rungen und Ungleichgewichten im Informations- und Energiefeld<br \/>\nAura-Simulation,<br \/>\nMessung des Energiepotentials der einzelnen Chakren<br \/>\nBewusstseinsfeld- und Organfeldanalysen<br \/>\n<\/em><\/span><\/p>\n<p style=\"text-align: center;\"><span style=\"font-family: times\\ new\\ roman, times, serif; font-size: 12pt; color: #7600a0;\"><strong><em>Matrix Harmonics<br \/>\n<\/em><\/strong><em>Anwendung von Quantenheilung- und Bewusstseins-Technologie <\/em><\/span><\/p>\n<p style=\"text-align: center;\"><span style=\"font-family: times\\ new\\ roman, times, serif; font-size: 12pt; color: #7600a0;\"><strong><em>Bewegung<br \/>\n<\/em><\/strong><em>zur k\u00f6rperlichen und geistigen Aktivierung der Wahrnehmung<br \/>\n<\/em><\/span><\/p>\n<p style=\"text-align: center;\"><span style=\"font-family: times\\ new\\ roman, times, serif; font-size: 12pt; color: #7600a0;\"><strong><em>Ern\u00e4hrungsberatung<\/em><\/strong><\/span><\/p>\n<p>&nbsp;<\/p>\n<p><img loading=\"lazy\" decoding=\"async\" class=\"aligncenter wp-image-315 size-medium\" src=\"http:\/\/www.lichtreise.jetzt\/wp-content\/uploads\/2016\/05\/logo-300x225.jpg\" alt=\"logo\" width=\"300\" height=\"225\" srcset=\"https:\/\/www.lichtreise.jetzt\/wp-content\/uploads\/2016\/05\/logo-300x225.jpg 300w, https:\/\/www.lichtreise.jetzt\/wp-content\/uploads\/2016\/05\/logo-230x173.jpg 230w, https:\/\/www.lichtreise.jetzt\/wp-content\/uploads\/2016\/05\/logo-350x263.jpg 350w, https:\/\/www.lichtreise.jetzt\/wp-content\/uploads\/2016\/05\/logo.jpg 640w\" sizes=\"(max-width: 300px) 100vw, 300px\" \/><\/p>\n","protected":false},"excerpt":{"rendered":"<p>Ich m\u00f6chte Sie einladen zu einer Reise zu sich selbst, sich selbst zu erfahren, Ihr Innerstes ganz neu zu erforschen und immer wieder neu zu erleben. Einen Weg zu w\u00e4hlen zu mehr Gl\u00fcck und Freude, Gesundheit, inneren Frieden, mehr Balance und Ausgeglichenheit, zu einem gesteigerten Wohlbefinden, zur St\u00e4rkung Ihrer pers\u00f6nlichen Kraft sowie einem Gef\u00fchl der [&hellip;]<\/p>\n","protected":false},"author":1,"featured_media":0,"parent":0,"menu_order":0,"comment_status":"closed","ping_status":"closed","template":"page-templates\/page_fullwidth.php","meta":{"footnotes":""},"_links":{"self":[{"href":"https:\/\/www.lichtreise.jetzt\/index.php?rest_route=\/wp\/v2\/pages\/21"}],"collection":[{"href":"https:\/\/www.lichtreise.jetzt\/index.php?rest_route=\/wp\/v2\/pages"}],"about":[{"href":"https:\/\/www.lichtreise.jetzt\/index.php?rest_route=\/wp\/v2\/types\/page"}],"author":[{"embeddable":true,"href":"https:\/\/www.lichtreise.jetzt\/index.php?rest_route=\/wp\/v2\/users\/1"}],"replies":[{"embeddable":true,"href":"https:\/\/www.lichtreise.jetzt\/index.php?rest_route=%2Fwp%2Fv2%2Fcomments&post=21"}],"version-history":[{"count":14,"href":"https:\/\/www.lichtreise.jetzt\/index.php?rest_route=\/wp\/v2\/pages\/21\/revisions"}],"predecessor-version":[{"id":371,"href":"https:\/\/www.lichtreise.jetzt\/index.php?rest_route=\/wp\/v2\/pages\/21\/revisions\/371"}],"wp:attachment":[{"href":"https:\/\/www.lichtreise.jetzt\/index.php?rest_route=%2Fwp%2Fv2%2Fmedia&parent=21"}],"curies":[{"name":"wp","href":"https:\/\/api.w.org\/{rel}","templated":true}]}}