{"id":133,"date":"2015-10-29T12:53:55","date_gmt":"2015-10-29T11:53:55","guid":{"rendered":"http:\/\/www.newurl\/?page_id=133"},"modified":"2016-05-06T10:15:11","modified_gmt":"2016-05-06T08:15:11","slug":"timewaver-balancierung","status":"publish","type":"page","link":"https:\/\/www.lichtreise.jetzt\/?page_id=133","title":{"rendered":"TimeWaver"},"content":{"rendered":"<p><a style=\"color: #0000ff;\" href=\"http:\/\/www.lichtreise.jetzt\/wp-content\/uploads\/2015\/10\/time-waver-logo.jpg\"><img loading=\"lazy\" decoding=\"async\" class=\"wp-image-150 alignleft\" src=\"http:\/\/www.lichtreise.jetzt\/wp-content\/uploads\/2015\/10\/time-waver-logo-300x122.jpg\" alt=\"time-waver-logo\" width=\"298\" height=\"121\" srcset=\"https:\/\/www.lichtreise.jetzt\/wp-content\/uploads\/2015\/10\/time-waver-logo-300x122.jpg 300w, https:\/\/www.lichtreise.jetzt\/wp-content\/uploads\/2015\/10\/time-waver-logo-1024x416.jpg 1024w, https:\/\/www.lichtreise.jetzt\/wp-content\/uploads\/2015\/10\/time-waver-logo-830x337.jpg 830w, https:\/\/www.lichtreise.jetzt\/wp-content\/uploads\/2015\/10\/time-waver-logo-230x93.jpg 230w, https:\/\/www.lichtreise.jetzt\/wp-content\/uploads\/2015\/10\/time-waver-logo-350x142.jpg 350w, https:\/\/www.lichtreise.jetzt\/wp-content\/uploads\/2015\/10\/time-waver-logo.jpg 1280w\" sizes=\"(max-width: 298px) 100vw, 298px\" \/><\/a><\/p>\n<p><a style=\"color: #0000ff;\" href=\"http:\/\/www.lichtreise.jetzt\/wp-content\/uploads\/2015\/11\/30.jpg\"><img loading=\"lazy\" decoding=\"async\" class=\"wp-image-184 alignright\" src=\"http:\/\/www.lichtreise.jetzt\/wp-content\/uploads\/2015\/11\/30-300x225.jpg\" alt=\"30\" width=\"291\" height=\"218\" srcset=\"https:\/\/www.lichtreise.jetzt\/wp-content\/uploads\/2015\/11\/30-300x225.jpg 300w, https:\/\/www.lichtreise.jetzt\/wp-content\/uploads\/2015\/11\/30-1024x768.jpg 1024w, https:\/\/www.lichtreise.jetzt\/wp-content\/uploads\/2015\/11\/30-830x623.jpg 830w, https:\/\/www.lichtreise.jetzt\/wp-content\/uploads\/2015\/11\/30-230x173.jpg 230w, https:\/\/www.lichtreise.jetzt\/wp-content\/uploads\/2015\/11\/30-350x263.jpg 350w, https:\/\/www.lichtreise.jetzt\/wp-content\/uploads\/2015\/11\/30.jpg 1280w\" sizes=\"(max-width: 291px) 100vw, 291px\" \/><\/a><\/p>\n<p>&nbsp;<\/p>\n<p>&nbsp;<\/p>\n<p>&nbsp;<\/p>\n<p>&nbsp;<\/p>\n<p><span style=\"font-family: arial,helvetica,sans-serif; font-size: 12pt; color: #621366;\">TimeWaver Analyse und Balancierung zur<\/span><br \/>\n<span style=\"font-family: arial,helvetica,sans-serif; font-size: 12pt; color: #621366;\"> Harmonisierung von K\u00f6rper, Geist und Seele<\/span><\/p>\n<p>&nbsp;<\/p>\n<p>&nbsp;<\/p>\n<p style=\"text-align: justify;\"><span style=\"color: #0000ff;\">Ich setze den TimeWaver vor allem zur Systemischen Lebensberatung ein, <\/span><span style=\"color: #0000ff;\">um tiefere Ursachen, St\u00f6rungen und Blockaden sowie Ungleichgewichte im Informations- und Energiefeld zu erkennen, ins Bewusstsein zu bringen und dann aufzul\u00f6sen, die den Menschen hindern, ein zufriedenes Leben <\/span><span style=\"color: #0000ff;\">zu f\u00fchren.<\/span><br \/>\n<span style=\"color: #0000ff;\">Der TimeWaver erm\u00f6glicht es, Menschen in allen Lebensbereichen wie Gesundheit, Psyche, Beziehungen, Wohnen, Beruf sowie Pers\u00f6nlichkeitsentwicklung zu <\/span><span style=\"color: #333399;\"><span style=\"color: #0000ff;\">unterst\u00fctzen.<\/span><br \/>\n<span style=\"color: #0000ff;\"> Unser eigenes pers\u00f6nliches Potential spiegelt sich auch im Energiefeld unseres K\u00f6rpers,<\/span> <span style=\"color: #0000ff;\">der Aura und den Chakras wieder. Je mehr wir die Einheit von K\u00f6rper, Geist und Seele wieder herstellen,<\/span> <span style=\"color: #0000ff;\">umso gr\u00f6\u00dfer wird unser Energiefeld, welches mit Hilfe der Aurafotografie im Rahmen<\/span> <span style=\"color: #0000ff;\">der TimeWaver-Analyse sichtbar gemacht werden kann.<\/span><\/span><\/p>\n<p style=\"text-align: justify;\"><span style=\"font-size: 10pt;\"><strong>Hinweis:<\/strong> Wissenschaft und Schulmedizin erkennen die Existenz von Informationsfeldern, deren medizinische und sonstige Bedeutung, die TimeWaver-Systeme und deren hier beschriebene Anwendungen aufgrund fehlender wissenschaftlicher Nachweise im Sinne der <\/span><span style=\"font-size: 12pt;\"><span style=\"font-size: 10pt;\">Schulmedizin nicht an, ebenso wie die Chakra-Lehre und die Existenz der Aura.<\/span><br \/>\n<span style=\"font-size: 10pt;\"> TimeWaver Med hilft dem Anwender dabei, das Informationsfeld zu analysieren. Dar\u00fcber hinaus kann das Ger\u00e4tesystem dazu benutzt werden, das Informationsfeld g\u00fcnstig zu beeinflussen.<\/span><br \/>\n<\/span><\/p>\n<p><a href=\"https:\/\/timewaver.de\">https:\/\/timewaver.de<\/a><\/p>\n<p>&nbsp;<\/p>\n<p>&nbsp;<\/p>\n<p>&nbsp;<\/p>\n<p>&nbsp;<\/p>\n<p>&nbsp;<\/p>\n<p>&nbsp;<\/p>\n","protected":false},"excerpt":{"rendered":"<p>&nbsp; &nbsp; &nbsp; &nbsp; TimeWaver Analyse und Balancierung zur Harmonisierung von K\u00f6rper, Geist und Seele &nbsp; &nbsp; Ich setze den TimeWaver vor allem zur Systemischen Lebensberatung ein, um tiefere Ursachen, St\u00f6rungen und Blockaden sowie Ungleichgewichte im Informations- und Energiefeld zu erkennen, ins Bewusstsein zu bringen und dann aufzul\u00f6sen, die den Menschen hindern, ein zufriedenes Leben [&hellip;]<\/p>\n","protected":false},"author":1,"featured_media":0,"parent":121,"menu_order":0,"comment_status":"closed","ping_status":"closed","template":"page-templates\/page_fullwidth.php","meta":{"footnotes":""},"_links":{"self":[{"href":"https:\/\/www.lichtreise.jetzt\/index.php?rest_route=\/wp\/v2\/pages\/133"}],"collection":[{"href":"https:\/\/www.lichtreise.jetzt\/index.php?rest_route=\/wp\/v2\/pages"}],"about":[{"href":"https:\/\/www.lichtreise.jetzt\/index.php?rest_route=\/wp\/v2\/types\/page"}],"author":[{"embeddable":true,"href":"https:\/\/www.lichtreise.jetzt\/index.php?rest_route=\/wp\/v2\/users\/1"}],"replies":[{"embeddable":true,"href":"https:\/\/www.lichtreise.jetzt\/index.php?rest_route=%2Fwp%2Fv2%2Fcomments&post=133"}],"version-history":[{"count":27,"href":"https:\/\/www.lichtreise.jetzt\/index.php?rest_route=\/wp\/v2\/pages\/133\/revisions"}],"predecessor-version":[{"id":314,"href":"https:\/\/www.lichtreise.jetzt\/index.php?rest_route=\/wp\/v2\/pages\/133\/revisions\/314"}],"up":[{"embeddable":true,"href":"https:\/\/www.lichtreise.jetzt\/index.php?rest_route=\/wp\/v2\/pages\/121"}],"wp:attachment":[{"href":"https:\/\/www.lichtreise.jetzt\/index.php?rest_route=%2Fwp%2Fv2%2Fmedia&parent=133"}],"curies":[{"name":"wp","href":"https:\/\/api.w.org\/{rel}","templated":true}]}}