{"id":113,"date":"2015-10-29T12:16:24","date_gmt":"2015-10-29T11:16:24","guid":{"rendered":"http:\/\/www.newurl\/?page_id=113"},"modified":"2018-05-24T09:25:25","modified_gmt":"2018-05-24T07:25:25","slug":"ueber-mich","status":"publish","type":"page","link":"https:\/\/www.lichtreise.jetzt\/?page_id=113","title":{"rendered":"\u00dcber mich"},"content":{"rendered":"<p style=\"text-align: center; margin-top: 50px;\"><span style=\"color: #ff00ff; font-size: 24pt;\">Doris Schumann<\/span><\/p>\n<p style=\"text-align: center; margin-top: 20px; margin-bottom: 30px;\"><img loading=\"lazy\" decoding=\"async\" class=\"aligncenter  wp-image-368\" src=\"http:\/\/www.lichtreise.jetzt\/wp-content\/uploads\/2018\/05\/Doris-263x300.jpg\" alt=\"\" width=\"318\" height=\"363\" srcset=\"https:\/\/www.lichtreise.jetzt\/wp-content\/uploads\/2018\/05\/Doris-263x300.jpg 263w, https:\/\/www.lichtreise.jetzt\/wp-content\/uploads\/2018\/05\/Doris-768x876.jpg 768w, https:\/\/www.lichtreise.jetzt\/wp-content\/uploads\/2018\/05\/Doris-898x1024.jpg 898w, https:\/\/www.lichtreise.jetzt\/wp-content\/uploads\/2018\/05\/Doris-830x947.jpg 830w, https:\/\/www.lichtreise.jetzt\/wp-content\/uploads\/2018\/05\/Doris-230x262.jpg 230w, https:\/\/www.lichtreise.jetzt\/wp-content\/uploads\/2018\/05\/Doris-350x399.jpg 350w, https:\/\/www.lichtreise.jetzt\/wp-content\/uploads\/2018\/05\/Doris-480x547.jpg 480w, https:\/\/www.lichtreise.jetzt\/wp-content\/uploads\/2018\/05\/Doris.jpg 997w\" sizes=\"(max-width: 318px) 100vw, 318px\" \/><\/p>\n<p style=\"text-align: center;\"><span style=\"color: #333399;\">&#8222;Ich bin&#8220;,<br \/>\n<\/span><\/p>\n<p style=\"text-align: center;\"><span style=\"color: #333399;\">Jahrgang 1963, geboren in Grimma in Sachsen, verheiratet seit 1984 und Mutter von zwei erwachsenen T\u00f6chtern.<\/span><\/p>\n<p style=\"text-align: center;\"><span style=\"color: #333399;\">Seit 1990 wohne ich am n\u00f6rdlichen Stadtrand von Leipzig in Lindenthal.<\/span><\/p>\n<p style=\"text-align: center;\"><span style=\"color: #333399;\">Schon seit fr\u00fcher Kindheit bewegte mich tief in meinem Innersten die Frage nach dem Sinn des Lebens.<\/span><\/p>\n<p style=\"text-align: center;\"><span style=\"color: #333399;\">Durch Studium, Familie und Beruf erf\u00fcllte ich mir schnell die selbst gew\u00e4hlten Tr\u00e4ume.<\/span><\/p>\n<p style=\"text-align: center;\"><span style=\"color: #333399;\">Was von au\u00dfen betrachtet sch\u00f6n schien und auch immer noch ist, f\u00fchlte sich doch in meinem Innersten ganz anders an.<\/span><\/p>\n<p style=\"text-align: center;\"><span style=\"color: #333399;\">Krankheit, Unzufriedenheit und tiefe Depressionen begleiteten immer st\u00e4rker mein Leben.<\/span><\/p>\n<p style=\"text-align: center;\"><span style=\"color: #333399;\">Ich fing an, mein Leben und alles zu hinterfragen und so begann im Jahre 2004 ein starker Bewusstseinswandel in mir.<\/span><\/p>\n<p style=\"text-align: center;\"><span style=\"color: #333399;\">Ab 2007 richtete ich mein Leben ganz neu aus. <\/span><\/p>\n<p style=\"text-align: center;\"><span style=\"color: #333399;\">Geistheilerausbildung, spirituelles Wissen und Seminare, das Leben selbst sowie das Durchlaufen <\/span><\/p>\n<p style=\"text-align: center;\"><span style=\"color: #333399;\">von tiefgehenden inneren Wachstumsprozessen <\/span><\/p>\n<p style=\"text-align: center;\"><span style=\"color: #333399;\">f\u00fchrten zu meinem Erwachen und zur Bewusstseinserweiterung.<\/span><\/p>\n<p style=\"text-align: center;\"><span style=\"color: #333399;\">Ab 2010 begann ich zus\u00e4tzlich mit einem radionischen System zu lernen, zu arbeiten und zu verstehen \u2013 dem TimeWaver.<\/span><\/p>\n<p style=\"text-align: center;\"><span style=\"color: #333399;\">Tiefgehende Seelenerkenntnisse und die R\u00fcck-Erinnerungen an meine Lebensaufgabe schenken mir die F\u00e4higkeit, <\/span><\/p>\n<p style=\"text-align: center;\"><span style=\"color: #333399;\">den Mut und die Kraft andere Menschen ganz individuell auf ihrem Weg zu begleiten.<\/span><\/p>\n<p style=\"text-align: center;\"><span style=\"color: #333399;\">Mein tiefes Vertrauen an die Urkr\u00e4fte aus der Ureinheit erm\u00f6glichen mir die nachhaltige Energiearbeit, Meditationsarbeit <\/span><\/p>\n<p style=\"text-align: center;\"><span style=\"color: #333399;\">sowie das Aufsp\u00fcren und Aufl\u00f6sen von Blockaden, St\u00f6rungen, Ungleichgewichten, Traumata und Begrenzungen.<\/span><\/p>\n<p style=\"text-align: center;\"><span style=\"color: #333399;\">Ich empfinde es als ein wunderbares Geschenk meiner Berufung zu folgen.<\/span><\/p>\n<p style=\"text-align: center;\"><span style=\"color: #333399;\">\u00a0<\/span><\/p>\n<p>&nbsp;<\/p>\n","protected":false},"excerpt":{"rendered":"<p>Doris Schumann &#8222;Ich bin&#8220;, Jahrgang 1963, geboren in Grimma in Sachsen, verheiratet seit 1984 und Mutter von zwei erwachsenen T\u00f6chtern. Seit 1990 wohne ich am n\u00f6rdlichen Stadtrand von Leipzig in Lindenthal. Schon seit fr\u00fcher Kindheit bewegte mich tief in meinem Innersten die Frage nach dem Sinn des Lebens. Durch Studium, Familie und Beruf erf\u00fcllte ich [&hellip;]<\/p>\n","protected":false},"author":1,"featured_media":0,"parent":0,"menu_order":0,"comment_status":"closed","ping_status":"closed","template":"page-templates\/page_front-page.php","meta":{"footnotes":""},"_links":{"self":[{"href":"https:\/\/www.lichtreise.jetzt\/index.php?rest_route=\/wp\/v2\/pages\/113"}],"collection":[{"href":"https:\/\/www.lichtreise.jetzt\/index.php?rest_route=\/wp\/v2\/pages"}],"about":[{"href":"https:\/\/www.lichtreise.jetzt\/index.php?rest_route=\/wp\/v2\/types\/page"}],"author":[{"embeddable":true,"href":"https:\/\/www.lichtreise.jetzt\/index.php?rest_route=\/wp\/v2\/users\/1"}],"replies":[{"embeddable":true,"href":"https:\/\/www.lichtreise.jetzt\/index.php?rest_route=%2Fwp%2Fv2%2Fcomments&post=113"}],"version-history":[{"count":21,"href":"https:\/\/www.lichtreise.jetzt\/index.php?rest_route=\/wp\/v2\/pages\/113\/revisions"}],"predecessor-version":[{"id":369,"href":"https:\/\/www.lichtreise.jetzt\/index.php?rest_route=\/wp\/v2\/pages\/113\/revisions\/369"}],"wp:attachment":[{"href":"https:\/\/www.lichtreise.jetzt\/index.php?rest_route=%2Fwp%2Fv2%2Fmedia&parent=113"}],"curies":[{"name":"wp","href":"https:\/\/api.w.org\/{rel}","templated":true}]}}